{"id":16165,"date":"2021-04-22T09:02:55","date_gmt":"2021-04-22T15:02:55","guid":{"rendered":"http:\/\/sionpuntarenas.com\/?page_id=16165"},"modified":"2026-02-12T09:01:30","modified_gmt":"2026-02-12T15:01:30","slug":"evaluacion","status":"publish","type":"page","link":"https:\/\/sionpuntarenas.com\/?page_id=16165","title":{"rendered":"GESTI\u00d3N DOCENTE | Gesti\u00f3n de Expedientes | Control de Asistencia | Evaluaci\u00f3n"},"content":{"rendered":"Contenido exclusivo para usuarios registrados. Por favor <a href=\"https:\/\/sionpuntarenas.com\"> pulse aqu\u00ed para acceder<\/a> y poder verlo.","protected":false},"excerpt":{"rendered":"<p>Contenido exclusivo para usuarios registrados. Por favor pulse aqu\u00ed para acceder y poder verlo.<\/p>\n","protected":false},"author":1,"featured_media":16168,"parent":0,"menu_order":0,"comment_status":"closed","ping_status":"closed","template":"","meta":{"saved_in_kubio":true,"footnotes":""},"class_list":["post-16165","page","type-page","status-publish","has-post-thumbnail","hentry"],"kubio_ai_page_context":{"short_desc":"","purpose":"general"},"_links":{"self":[{"href":"https:\/\/sionpuntarenas.com\/index.php?rest_route=\/wp\/v2\/pages\/16165","targetHints":{"allow":["GET"]}}],"collection":[{"href":"https:\/\/sionpuntarenas.com\/index.php?rest_route=\/wp\/v2\/pages"}],"about":[{"href":"https:\/\/sionpuntarenas.com\/index.php?rest_route=\/wp\/v2\/types\/page"}],"author":[{"embeddable":true,"href":"https:\/\/sionpuntarenas.com\/index.php?rest_route=\/wp\/v2\/users\/1"}],"replies":[{"embeddable":true,"href":"https:\/\/sionpuntarenas.com\/index.php?rest_route=%2Fwp%2Fv2%2Fcomments&post=16165"}],"version-history":[{"count":48,"href":"https:\/\/sionpuntarenas.com\/index.php?rest_route=\/wp\/v2\/pages\/16165\/revisions"}],"predecessor-version":[{"id":28957,"href":"https:\/\/sionpuntarenas.com\/index.php?rest_route=\/wp\/v2\/pages\/16165\/revisions\/28957"}],"wp:featuredmedia":[{"embeddable":true,"href":"https:\/\/sionpuntarenas.com\/index.php?rest_route=\/wp\/v2\/media\/16168"}],"wp:attachment":[{"href":"https:\/\/sionpuntarenas.com\/index.php?rest_route=%2Fwp%2Fv2%2Fmedia&parent=16165"}],"curies":[{"name":"wp","href":"https:\/\/api.w.org\/{rel}","templated":true}]}}