{"id":3334,"date":"2020-05-04T16:13:24","date_gmt":"2020-05-04T22:13:24","guid":{"rendered":"http:\/\/escuelasion.esy.es\/?page_id=3334"},"modified":"2020-05-09T22:23:51","modified_gmt":"2020-05-10T04:23:51","slug":"password-reset","status":"publish","type":"page","link":"https:\/\/sionpuntarenas.com\/?page_id=3334","title":{"rendered":"Restablecer la contrase\u00f1a"},"content":{"rendered":"<p><a href=\"http:\/\/escuelasion.esy.es\/wp-content\/uploads\/2020\/05\/contra.jpg\"><img loading=\"lazy\" decoding=\"async\" class=\"aligncenter size-medium wp-image-3660\" src=\"http:\/\/escuelasion.esy.es\/wp-content\/uploads\/2020\/05\/contra-300x225.jpg\" alt=\"\" width=\"300\" height=\"225\" srcset=\"https:\/\/sionpuntarenas.com\/wp-content\/uploads\/2020\/05\/contra-300x225.jpg 300w, https:\/\/sionpuntarenas.com\/wp-content\/uploads\/2020\/05\/contra.jpg 500w\" sizes=\"(max-width: 300px) 100vw, 300px\" \/><\/a><\/p>\n<p>Si desea restablecer su contrase\u00f1a env\u00ede un correo a la direcci\u00f3n <a href=\"mailto:sionlaboratorio@gmail.com\">sionlaboratorio@gmail.com<\/a> con los siguientes datos:<\/p>\n<ul>\n<li><span style=\"color: #ff0000;\">INDICAR EN EL ASUNTO<\/span>: <span style=\"color: #008080;\">Restablecer contrase\u00f1a<\/span><\/li>\n<li><span style=\"color: #008080;\">Nombre del Estudiante<\/span><\/li>\n<li><span style=\"color: #008080;\">C\u00e9dula<\/span><\/li>\n<li><span style=\"color: #008080;\">Secci\u00f3n<\/span><\/li>\n<\/ul>\n\n\n<p>Recuerde que una vez reciba en su correo la nueva contrase\u00f1a, podr\u00e1 cambiarla en el Perfil del Estudiante.  Es un placer servirle.<\/p>\n","protected":false},"excerpt":{"rendered":"<p>Si desea restablecer su contrase\u00f1a env\u00ede un correo a la direcci\u00f3n sionlaboratorio@gmail.com con los siguientes datos: INDICAR EN EL ASUNTO: Restablecer contrase\u00f1a Nombre del Estudiante C\u00e9dula Secci\u00f3n Recuerde que una vez reciba en su correo la nueva contrase\u00f1a, podr\u00e1 cambiarla en el Perfil del Estudiante. Es un placer servirle.<\/p>\n","protected":false},"author":1,"featured_media":0,"parent":3332,"menu_order":0,"comment_status":"closed","ping_status":"closed","template":"","meta":{"saved_in_kubio":false,"footnotes":""},"class_list":["post-3334","page","type-page","status-publish","hentry"],"kubio_ai_page_context":{"short_desc":"","purpose":"general"},"_links":{"self":[{"href":"https:\/\/sionpuntarenas.com\/index.php?rest_route=\/wp\/v2\/pages\/3334","targetHints":{"allow":["GET"]}}],"collection":[{"href":"https:\/\/sionpuntarenas.com\/index.php?rest_route=\/wp\/v2\/pages"}],"about":[{"href":"https:\/\/sionpuntarenas.com\/index.php?rest_route=\/wp\/v2\/types\/page"}],"author":[{"embeddable":true,"href":"https:\/\/sionpuntarenas.com\/index.php?rest_route=\/wp\/v2\/users\/1"}],"replies":[{"embeddable":true,"href":"https:\/\/sionpuntarenas.com\/index.php?rest_route=%2Fwp%2Fv2%2Fcomments&post=3334"}],"version-history":[{"count":4,"href":"https:\/\/sionpuntarenas.com\/index.php?rest_route=\/wp\/v2\/pages\/3334\/revisions"}],"predecessor-version":[{"id":3737,"href":"https:\/\/sionpuntarenas.com\/index.php?rest_route=\/wp\/v2\/pages\/3334\/revisions\/3737"}],"up":[{"embeddable":true,"href":"https:\/\/sionpuntarenas.com\/index.php?rest_route=\/wp\/v2\/pages\/3332"}],"wp:attachment":[{"href":"https:\/\/sionpuntarenas.com\/index.php?rest_route=%2Fwp%2Fv2%2Fmedia&parent=3334"}],"curies":[{"name":"wp","href":"https:\/\/api.w.org\/{rel}","templated":true}]}}