{"id":344,"date":"2015-08-11T12:31:45","date_gmt":"2015-08-11T18:31:45","guid":{"rendered":"http:\/\/escuelasion.esy.es\/?page_id=344"},"modified":"2015-08-12T08:42:05","modified_gmt":"2015-08-12T14:42:05","slug":"vision","status":"publish","type":"page","link":"https:\/\/sionpuntarenas.com\/?page_id=344","title":{"rendered":"Visi\u00f3n"},"content":{"rendered":"<p>La visi\u00f3n de nuestra instituci\u00f3n es servir a los ni\u00f1os y ni\u00f1as de nuestra comunidad educativa, proporcion\u00e1ndoles una educaci\u00f3n donde se cultiven los valores morales, espirituales e intelectuales y as\u00ed puedan surgir hombres y mujeres de bien que luchen por la construcci\u00f3n de la paz, amando y respetando la obra de Dios.<\/p>\n","protected":false},"excerpt":{"rendered":"<p>La visi\u00f3n de nuestra instituci\u00f3n es servir a los ni\u00f1os y ni\u00f1as de nuestra comunidad educativa, proporcion\u00e1ndoles una educaci\u00f3n donde se cultiven los valores morales, espirituales e intelectuales y as\u00ed puedan surgir hombres y mujeres de bien que luchen por la construcci\u00f3n de la paz, amando y respetando la obra de Dios.<\/p>\n","protected":false},"author":1,"featured_media":0,"parent":339,"menu_order":0,"comment_status":"open","ping_status":"open","template":"","meta":{"saved_in_kubio":false,"footnotes":""},"class_list":["post-344","page","type-page","status-publish","hentry"],"kubio_ai_page_context":{"short_desc":"","purpose":"general"},"_links":{"self":[{"href":"https:\/\/sionpuntarenas.com\/index.php?rest_route=\/wp\/v2\/pages\/344","targetHints":{"allow":["GET"]}}],"collection":[{"href":"https:\/\/sionpuntarenas.com\/index.php?rest_route=\/wp\/v2\/pages"}],"about":[{"href":"https:\/\/sionpuntarenas.com\/index.php?rest_route=\/wp\/v2\/types\/page"}],"author":[{"embeddable":true,"href":"https:\/\/sionpuntarenas.com\/index.php?rest_route=\/wp\/v2\/users\/1"}],"replies":[{"embeddable":true,"href":"https:\/\/sionpuntarenas.com\/index.php?rest_route=%2Fwp%2Fv2%2Fcomments&post=344"}],"version-history":[{"count":1,"href":"https:\/\/sionpuntarenas.com\/index.php?rest_route=\/wp\/v2\/pages\/344\/revisions"}],"predecessor-version":[{"id":345,"href":"https:\/\/sionpuntarenas.com\/index.php?rest_route=\/wp\/v2\/pages\/344\/revisions\/345"}],"up":[{"embeddable":true,"href":"https:\/\/sionpuntarenas.com\/index.php?rest_route=\/wp\/v2\/pages\/339"}],"wp:attachment":[{"href":"https:\/\/sionpuntarenas.com\/index.php?rest_route=%2Fwp%2Fv2%2Fmedia&parent=344"}],"curies":[{"name":"wp","href":"https:\/\/api.w.org\/{rel}","templated":true}]}}