{"id":349,"date":"2015-08-11T12:49:57","date_gmt":"2015-08-11T18:49:57","guid":{"rendered":"http:\/\/escuelasion.esy.es\/?page_id=349"},"modified":"2015-08-11T12:50:08","modified_gmt":"2015-08-11T18:50:08","slug":"infraestructura","status":"publish","type":"page","link":"https:\/\/sionpuntarenas.com\/?page_id=349","title":{"rendered":"Infraestructura"},"content":{"rendered":"<p>La infraestructura de la Escuela Nuestra Se\u00f1ora de Sion est\u00e1 conformada por 22 aulas, 7 de ellas multimedia, con pantallas de 42\u201d; una Capilla con Sagrario, Gimnasio Multidisciplinar, con escenario, tel\u00f3n y camerinos; Sala de reuniones, Biblioteca, Laboratorio de Inform\u00e1tica, con 30 computadoras, conexi\u00f3n Wifi, y acceso a Internet de alta velocidad; Oficinas de Direcci\u00f3n, Psicolog\u00eda, Apoyo Fijo, Recepci\u00f3n, Cobros, casa de habitaci\u00f3n de los sacerdotes, soda, 5 ba\u00f1os, 16 servicios sanitarios.<br \/>\nAdem\u00e1s cuenta con zonas verdes, una cancha deportiva abierta. Dos zonas de Play para preescolar y primer a\u00f1o. <\/p>\n","protected":false},"excerpt":{"rendered":"<p>La infraestructura de la Escuela Nuestra Se\u00f1ora de Sion est\u00e1 conformada por 22 aulas, 7 de ellas multimedia, con pantallas de 42\u201d; una Capilla con Sagrario, Gimnasio Multidisciplinar, con escenario, tel\u00f3n y camerinos; Sala de reuniones, Biblioteca, Laboratorio de Inform\u00e1tica, con 30 computadoras, conexi\u00f3n Wifi, y acceso a Internet de alta velocidad; Oficinas de Direcci\u00f3n, [&hellip;]<\/p>\n","protected":false},"author":1,"featured_media":0,"parent":339,"menu_order":0,"comment_status":"open","ping_status":"open","template":"","meta":{"saved_in_kubio":false,"footnotes":""},"class_list":["post-349","page","type-page","status-publish","hentry"],"kubio_ai_page_context":{"short_desc":"","purpose":"general"},"_links":{"self":[{"href":"https:\/\/sionpuntarenas.com\/index.php?rest_route=\/wp\/v2\/pages\/349","targetHints":{"allow":["GET"]}}],"collection":[{"href":"https:\/\/sionpuntarenas.com\/index.php?rest_route=\/wp\/v2\/pages"}],"about":[{"href":"https:\/\/sionpuntarenas.com\/index.php?rest_route=\/wp\/v2\/types\/page"}],"author":[{"embeddable":true,"href":"https:\/\/sionpuntarenas.com\/index.php?rest_route=\/wp\/v2\/users\/1"}],"replies":[{"embeddable":true,"href":"https:\/\/sionpuntarenas.com\/index.php?rest_route=%2Fwp%2Fv2%2Fcomments&post=349"}],"version-history":[{"count":1,"href":"https:\/\/sionpuntarenas.com\/index.php?rest_route=\/wp\/v2\/pages\/349\/revisions"}],"predecessor-version":[{"id":350,"href":"https:\/\/sionpuntarenas.com\/index.php?rest_route=\/wp\/v2\/pages\/349\/revisions\/350"}],"up":[{"embeddable":true,"href":"https:\/\/sionpuntarenas.com\/index.php?rest_route=\/wp\/v2\/pages\/339"}],"wp:attachment":[{"href":"https:\/\/sionpuntarenas.com\/index.php?rest_route=%2Fwp%2Fv2%2Fmedia&parent=349"}],"curies":[{"name":"wp","href":"https:\/\/api.w.org\/{rel}","templated":true}]}}