{"id":388,"date":"2015-08-13T10:30:54","date_gmt":"2015-08-13T16:30:54","guid":{"rendered":"http:\/\/escuelasion.esy.es\/?page_id=388"},"modified":"2015-08-17T11:27:09","modified_gmt":"2015-08-17T17:27:09","slug":"eventos-y-celebraciones","status":"publish","type":"page","link":"https:\/\/sionpuntarenas.com\/?page_id=388","title":{"rendered":"Eventos y Celebraciones"},"content":{"rendered":"<div id=\"attachment_403\" style=\"width: 235px\" class=\"wp-caption alignnone\"><a href=\"http:\/\/escuelasion.esy.es\/wp-content\/uploads\/2015\/08\/Ah2z50p_GKu6q60A5J1oANNecNVKO6xsBGQjwotj2oVq-copia.jpg\"><img loading=\"lazy\" decoding=\"async\" aria-describedby=\"caption-attachment-403\" class=\"size-medium wp-image-403\" src=\"http:\/\/escuelasion.esy.es\/wp-content\/uploads\/2015\/08\/Ah2z50p_GKu6q60A5J1oANNecNVKO6xsBGQjwotj2oVq-copia-225x300.jpg\" alt=\"Espectacular decoraci\u00f3n para recibir y honrar a nuestros pap\u00e1s y mam\u00e1s\" width=\"225\" height=\"300\" srcset=\"https:\/\/sionpuntarenas.com\/wp-content\/uploads\/2015\/08\/Ah2z50p_GKu6q60A5J1oANNecNVKO6xsBGQjwotj2oVq-copia-225x300.jpg 225w, https:\/\/sionpuntarenas.com\/wp-content\/uploads\/2015\/08\/Ah2z50p_GKu6q60A5J1oANNecNVKO6xsBGQjwotj2oVq-copia-768x1024.jpg 768w, https:\/\/sionpuntarenas.com\/wp-content\/uploads\/2015\/08\/Ah2z50p_GKu6q60A5J1oANNecNVKO6xsBGQjwotj2oVq-copia.jpg 960w\" sizes=\"(max-width: 225px) 100vw, 225px\" \/><\/a><p id=\"caption-attachment-403\" class=\"wp-caption-text\">Espectacular decoraci\u00f3n para recibir y honrar a nuestros pap\u00e1s y mam\u00e1s<\/p><\/div>\n<hr \/>\n<p>&nbsp;<\/p>\n<div id=\"attachment_404\" style=\"width: 310px\" class=\"wp-caption alignnone\"><a href=\"http:\/\/escuelasion.esy.es\/wp-content\/uploads\/2015\/08\/Ai0EB-Jir6e04aqgk_SnRY37yOTylM4ZJPwirHlUAlVc-copia.jpg\"><img loading=\"lazy\" decoding=\"async\" aria-describedby=\"caption-attachment-404\" class=\"size-medium wp-image-404\" src=\"http:\/\/escuelasion.esy.es\/wp-content\/uploads\/2015\/08\/Ai0EB-Jir6e04aqgk_SnRY37yOTylM4ZJPwirHlUAlVc-copia-300x225.jpg\" alt=\"Encuentro de Culturas... el 12 de Octubre, ataviados con trajes tradicionales, celebramos el Encuentro de Culturas.\" width=\"300\" height=\"225\" srcset=\"https:\/\/sionpuntarenas.com\/wp-content\/uploads\/2015\/08\/Ai0EB-Jir6e04aqgk_SnRY37yOTylM4ZJPwirHlUAlVc-copia-300x225.jpg 300w, https:\/\/sionpuntarenas.com\/wp-content\/uploads\/2015\/08\/Ai0EB-Jir6e04aqgk_SnRY37yOTylM4ZJPwirHlUAlVc-copia-1024x768.jpg 1024w, https:\/\/sionpuntarenas.com\/wp-content\/uploads\/2015\/08\/Ai0EB-Jir6e04aqgk_SnRY37yOTylM4ZJPwirHlUAlVc-copia.jpg 1280w\" sizes=\"(max-width: 300px) 100vw, 300px\" \/><\/a><p id=\"caption-attachment-404\" class=\"wp-caption-text\">Encuentro de Culturas&#8230; el 12 de Octubre, ataviados con trajes tradicionales, celebramos el Encuentro de Culturas.<\/p><\/div>\n<p><a href=\"http:\/\/escuelasion.esy.es\/wp-content\/uploads\/2015\/08\/Aksan0bxPhifuw8vWorGdGX4pCkkeLWgIlX-vxPDjFat.jpg\"><img loading=\"lazy\" decoding=\"async\" class=\"alignnone size-medium wp-image-409\" src=\"http:\/\/escuelasion.esy.es\/wp-content\/uploads\/2015\/08\/Aksan0bxPhifuw8vWorGdGX4pCkkeLWgIlX-vxPDjFat-300x225.jpg\" alt=\"Aksan0bxPhifuw8vWorGdGX4pCkkeLWgIlX-vxPDjFat\" width=\"300\" height=\"225\" srcset=\"https:\/\/sionpuntarenas.com\/wp-content\/uploads\/2015\/08\/Aksan0bxPhifuw8vWorGdGX4pCkkeLWgIlX-vxPDjFat-300x225.jpg 300w, https:\/\/sionpuntarenas.com\/wp-content\/uploads\/2015\/08\/Aksan0bxPhifuw8vWorGdGX4pCkkeLWgIlX-vxPDjFat-1024x768.jpg 1024w, https:\/\/sionpuntarenas.com\/wp-content\/uploads\/2015\/08\/Aksan0bxPhifuw8vWorGdGX4pCkkeLWgIlX-vxPDjFat.jpg 1280w\" sizes=\"(max-width: 300px) 100vw, 300px\" \/><\/a><\/p>\n<p><a href=\"http:\/\/escuelasion.esy.es\/wp-content\/uploads\/2015\/08\/AqdsVzIhMLsiDNvXzWw_vVCxcwafq2OY9HdlG-ZQ2xTi.jpg\"><img loading=\"lazy\" decoding=\"async\" class=\"alignnone size-medium wp-image-416\" src=\"http:\/\/escuelasion.esy.es\/wp-content\/uploads\/2015\/08\/AqdsVzIhMLsiDNvXzWw_vVCxcwafq2OY9HdlG-ZQ2xTi-300x225.jpg\" alt=\"AqdsVzIhMLsiDNvXzWw_vVCxcwafq2OY9HdlG-ZQ2xTi\" width=\"300\" height=\"225\" srcset=\"https:\/\/sionpuntarenas.com\/wp-content\/uploads\/2015\/08\/AqdsVzIhMLsiDNvXzWw_vVCxcwafq2OY9HdlG-ZQ2xTi-300x225.jpg 300w, https:\/\/sionpuntarenas.com\/wp-content\/uploads\/2015\/08\/AqdsVzIhMLsiDNvXzWw_vVCxcwafq2OY9HdlG-ZQ2xTi-1024x768.jpg 1024w, https:\/\/sionpuntarenas.com\/wp-content\/uploads\/2015\/08\/AqdsVzIhMLsiDNvXzWw_vVCxcwafq2OY9HdlG-ZQ2xTi.jpg 1280w\" sizes=\"(max-width: 300px) 100vw, 300px\" \/><\/a><\/p>\n<hr \/>\n<p>&nbsp;<\/p>\n<div id=\"attachment_407\" style=\"width: 210px\" class=\"wp-caption alignnone\"><a href=\"http:\/\/escuelasion.esy.es\/wp-content\/uploads\/2015\/08\/AiEwHnq7qZ1IBCNnss1UOlEhNNBYwwI6Am4A2-ZS2FTi.jpg\"><img loading=\"lazy\" decoding=\"async\" aria-describedby=\"caption-attachment-407\" class=\"size-medium wp-image-407\" src=\"http:\/\/escuelasion.esy.es\/wp-content\/uploads\/2015\/08\/AiEwHnq7qZ1IBCNnss1UOlEhNNBYwwI6Am4A2-ZS2FTi-200x300.jpg\" alt=\"Via Crucis Cuaresmal: 15 estaciones donde representamos el camino de nuestro Se\u00f1or hasta la Cruz... y su Resurrecci\u00f3n.. \" width=\"200\" height=\"300\" srcset=\"https:\/\/sionpuntarenas.com\/wp-content\/uploads\/2015\/08\/AiEwHnq7qZ1IBCNnss1UOlEhNNBYwwI6Am4A2-ZS2FTi-200x300.jpg 200w, https:\/\/sionpuntarenas.com\/wp-content\/uploads\/2015\/08\/AiEwHnq7qZ1IBCNnss1UOlEhNNBYwwI6Am4A2-ZS2FTi-682x1024.jpg 682w, https:\/\/sionpuntarenas.com\/wp-content\/uploads\/2015\/08\/AiEwHnq7qZ1IBCNnss1UOlEhNNBYwwI6Am4A2-ZS2FTi.jpg 853w\" sizes=\"(max-width: 200px) 100vw, 200px\" \/><\/a><p id=\"caption-attachment-407\" class=\"wp-caption-text\">Via Crucis Cuaresmal: 15 estaciones donde representamos el camino de nuestro Se\u00f1or hasta la Cruz&#8230; y su Gloriosa Resurrecci\u00f3n..<\/p><\/div>\n<p>&nbsp;<\/p>\n<div id=\"attachment_418\" style=\"width: 179px\" class=\"wp-caption alignnone\"><a href=\"http:\/\/escuelasion.esy.es\/wp-content\/uploads\/2015\/08\/As_xexmhM9B97fWXz1RjWNO7CE2MljujXZDsGz7sRGb7.jpg\"><img loading=\"lazy\" decoding=\"async\" aria-describedby=\"caption-attachment-418\" class=\"size-medium wp-image-418\" src=\"http:\/\/escuelasion.esy.es\/wp-content\/uploads\/2015\/08\/As_xexmhM9B97fWXz1RjWNO7CE2MljujXZDsGz7sRGb7-169x300.jpg\" alt=\"En la XIV estaci\u00f3n, Jes\u00fas es sepultado... pero al tomar la foto... apareci\u00f3 el milagro!!\" width=\"169\" height=\"300\" srcset=\"https:\/\/sionpuntarenas.com\/wp-content\/uploads\/2015\/08\/As_xexmhM9B97fWXz1RjWNO7CE2MljujXZDsGz7sRGb7-169x300.jpg 169w, https:\/\/sionpuntarenas.com\/wp-content\/uploads\/2015\/08\/As_xexmhM9B97fWXz1RjWNO7CE2MljujXZDsGz7sRGb7-576x1024.jpg 576w, https:\/\/sionpuntarenas.com\/wp-content\/uploads\/2015\/08\/As_xexmhM9B97fWXz1RjWNO7CE2MljujXZDsGz7sRGb7.jpg 720w\" sizes=\"(max-width: 169px) 100vw, 169px\" \/><\/a><p id=\"caption-attachment-418\" class=\"wp-caption-text\">En la XIV estaci\u00f3n, Jes\u00fas es sepultado&#8230; pero al tomar la foto&#8230; apareci\u00f3 el milagro!!<\/p><\/div>\n<div id=\"attachment_415\" style=\"width: 179px\" class=\"wp-caption alignnone\"><a href=\"http:\/\/escuelasion.esy.es\/wp-content\/uploads\/2015\/08\/ApXZjC_I5G2WQrVu1c6EIhcqFosbsWk9fulwXHMbRDSu.jpg\"><img loading=\"lazy\" decoding=\"async\" aria-describedby=\"caption-attachment-415\" class=\"size-medium wp-image-415\" src=\"http:\/\/escuelasion.esy.es\/wp-content\/uploads\/2015\/08\/ApXZjC_I5G2WQrVu1c6EIhcqFosbsWk9fulwXHMbRDSu-169x300.jpg\" alt=\"Observen la imagen que se forma en el fondo del papel que decora la estaci\u00f3n...\u00a1\u00a1Cristo est\u00e1 vivo!!\u00a1\u00a1 Ha resucitado!! Aleluya!!\" width=\"169\" height=\"300\" srcset=\"https:\/\/sionpuntarenas.com\/wp-content\/uploads\/2015\/08\/ApXZjC_I5G2WQrVu1c6EIhcqFosbsWk9fulwXHMbRDSu-169x300.jpg 169w, https:\/\/sionpuntarenas.com\/wp-content\/uploads\/2015\/08\/ApXZjC_I5G2WQrVu1c6EIhcqFosbsWk9fulwXHMbRDSu-576x1024.jpg 576w, https:\/\/sionpuntarenas.com\/wp-content\/uploads\/2015\/08\/ApXZjC_I5G2WQrVu1c6EIhcqFosbsWk9fulwXHMbRDSu.jpg 720w\" sizes=\"(max-width: 169px) 100vw, 169px\" \/><\/a><p id=\"caption-attachment-415\" class=\"wp-caption-text\">Observen la imagen que se forma en el fondo del papel que decora la estaci\u00f3n&#8230;\u00a1\u00a1Cristo est\u00e1 vivo!!\u00a1\u00a1 Ha resucitado!! Aleluya!!<\/p><\/div>\n<div id=\"attachment_414\" style=\"width: 310px\" class=\"wp-caption alignnone\"><a href=\"http:\/\/escuelasion.esy.es\/wp-content\/uploads\/2015\/08\/Ap-nPVcAb6EqLs_Altx-eC71g7MOfhw-L905NJ3eaPve.jpg\"><img loading=\"lazy\" decoding=\"async\" aria-describedby=\"caption-attachment-414\" class=\"size-medium wp-image-414\" src=\"http:\/\/escuelasion.esy.es\/wp-content\/uploads\/2015\/08\/Ap-nPVcAb6EqLs_Altx-eC71g7MOfhw-L905NJ3eaPve-300x200.jpg\" alt=\"\u00daltima estaci\u00f3n: La Resurrecci\u00f3n del Se\u00f1or. Monse\u00f1or Oscar Fern\u00e1ndez, nuestro Obispo, nos anima a vivir como verdaderos seguidores de Cristo.\" width=\"300\" height=\"200\" srcset=\"https:\/\/sionpuntarenas.com\/wp-content\/uploads\/2015\/08\/Ap-nPVcAb6EqLs_Altx-eC71g7MOfhw-L905NJ3eaPve-300x200.jpg 300w, https:\/\/sionpuntarenas.com\/wp-content\/uploads\/2015\/08\/Ap-nPVcAb6EqLs_Altx-eC71g7MOfhw-L905NJ3eaPve-1024x682.jpg 1024w, https:\/\/sionpuntarenas.com\/wp-content\/uploads\/2015\/08\/Ap-nPVcAb6EqLs_Altx-eC71g7MOfhw-L905NJ3eaPve.jpg 1280w\" sizes=\"(max-width: 300px) 100vw, 300px\" \/><\/a><p id=\"caption-attachment-414\" class=\"wp-caption-text\">\u00daltima estaci\u00f3n: La Resurrecci\u00f3n del Se\u00f1or. Monse\u00f1or Oscar Fern\u00e1ndez, nuestro Obispo, nos anima a vivir como verdaderos seguidores de Cristo.<\/p><\/div>\n<hr \/>\n<div id=\"attachment_411\" style=\"width: 310px\" class=\"wp-caption alignnone\"><a href=\"http:\/\/escuelasion.esy.es\/wp-content\/uploads\/2015\/08\/AmmAcFT2szOCABOpdQKFs-Fnqf24pGoJFe8_WMlMuIlm.jpg\"><img loading=\"lazy\" decoding=\"async\" aria-describedby=\"caption-attachment-411\" class=\"size-medium wp-image-411\" src=\"http:\/\/escuelasion.esy.es\/wp-content\/uploads\/2015\/08\/AmmAcFT2szOCABOpdQKFs-Fnqf24pGoJFe8_WMlMuIlm-300x150.jpg\" alt=\"Cartel de nuestro Festival Cultural y Deportivo. \" width=\"300\" height=\"150\" srcset=\"https:\/\/sionpuntarenas.com\/wp-content\/uploads\/2015\/08\/AmmAcFT2szOCABOpdQKFs-Fnqf24pGoJFe8_WMlMuIlm-300x150.jpg 300w, https:\/\/sionpuntarenas.com\/wp-content\/uploads\/2015\/08\/AmmAcFT2szOCABOpdQKFs-Fnqf24pGoJFe8_WMlMuIlm-1024x512.jpg 1024w, https:\/\/sionpuntarenas.com\/wp-content\/uploads\/2015\/08\/AmmAcFT2szOCABOpdQKFs-Fnqf24pGoJFe8_WMlMuIlm.jpg 1280w\" sizes=\"(max-width: 300px) 100vw, 300px\" \/><\/a><p id=\"caption-attachment-411\" class=\"wp-caption-text\">Cartel de nuestro Festival Cultural y Deportivo.<\/p><\/div>\n<p><a href=\"http:\/\/escuelasion.esy.es\/wp-content\/uploads\/2015\/08\/Ak93LuIjVZ-F5PQHm8vDA7mrBno5XjYxjWd0gHt_mP7A.jpg\"><img loading=\"lazy\" decoding=\"async\" class=\"alignnone size-medium wp-image-422\" src=\"http:\/\/escuelasion.esy.es\/wp-content\/uploads\/2015\/08\/At7PIRlPT3013JckGqAK1qYTwbx2fWCkuHrsy3EPhdHM1-200x300.jpg\" alt=\"At7PIRlPT3013JckGqAK1qYTwbx2fWCkuHrsy3EPhdHM\" width=\"200\" height=\"300\" srcset=\"https:\/\/sionpuntarenas.com\/wp-content\/uploads\/2015\/08\/At7PIRlPT3013JckGqAK1qYTwbx2fWCkuHrsy3EPhdHM1-200x300.jpg 200w, https:\/\/sionpuntarenas.com\/wp-content\/uploads\/2015\/08\/At7PIRlPT3013JckGqAK1qYTwbx2fWCkuHrsy3EPhdHM1-682x1024.jpg 682w, https:\/\/sionpuntarenas.com\/wp-content\/uploads\/2015\/08\/At7PIRlPT3013JckGqAK1qYTwbx2fWCkuHrsy3EPhdHM1.jpg 853w\" sizes=\"(max-width: 200px) 100vw, 200px\" \/><img loading=\"lazy\" decoding=\"async\" class=\"alignnone size-medium wp-image-408\" src=\"http:\/\/escuelasion.esy.es\/wp-content\/uploads\/2015\/08\/Ak93LuIjVZ-F5PQHm8vDA7mrBno5XjYxjWd0gHt_mP7A-200x300.jpg\" alt=\"Ak93LuIjVZ-F5PQHm8vDA7mrBno5XjYxjWd0gHt_mP7A\" width=\"200\" height=\"300\" srcset=\"https:\/\/sionpuntarenas.com\/wp-content\/uploads\/2015\/08\/Ak93LuIjVZ-F5PQHm8vDA7mrBno5XjYxjWd0gHt_mP7A-200x300.jpg 200w, https:\/\/sionpuntarenas.com\/wp-content\/uploads\/2015\/08\/Ak93LuIjVZ-F5PQHm8vDA7mrBno5XjYxjWd0gHt_mP7A-682x1024.jpg 682w, https:\/\/sionpuntarenas.com\/wp-content\/uploads\/2015\/08\/Ak93LuIjVZ-F5PQHm8vDA7mrBno5XjYxjWd0gHt_mP7A.jpg 853w\" sizes=\"(max-width: 200px) 100vw, 200px\" \/><\/a><a href=\"http:\/\/escuelasion.esy.es\/wp-content\/uploads\/2015\/08\/Avam9TeH2CO4Xv3OJmWpWF5RJfSo1nL1n4GmS0m8vksB.jpg\"><img loading=\"lazy\" decoding=\"async\" class=\"alignnone size-medium wp-image-428\" src=\"http:\/\/escuelasion.esy.es\/wp-content\/uploads\/2015\/08\/Avam9TeH2CO4Xv3OJmWpWF5RJfSo1nL1n4GmS0m8vksB-214x300.jpg\" alt=\"Avam9TeH2CO4Xv3OJmWpWF5RJfSo1nL1n4GmS0m8vksB\" width=\"214\" height=\"300\" srcset=\"https:\/\/sionpuntarenas.com\/wp-content\/uploads\/2015\/08\/Avam9TeH2CO4Xv3OJmWpWF5RJfSo1nL1n4GmS0m8vksB-214x300.jpg 214w, https:\/\/sionpuntarenas.com\/wp-content\/uploads\/2015\/08\/Avam9TeH2CO4Xv3OJmWpWF5RJfSo1nL1n4GmS0m8vksB-730x1024.jpg 730w, https:\/\/sionpuntarenas.com\/wp-content\/uploads\/2015\/08\/Avam9TeH2CO4Xv3OJmWpWF5RJfSo1nL1n4GmS0m8vksB.jpg 913w\" sizes=\"(max-width: 214px) 100vw, 214px\" \/><\/a><a href=\"http:\/\/escuelasion.esy.es\/wp-content\/uploads\/2015\/08\/AuzGQlGgSs7XvgBY8CCw9BB2vT6ouQN1brAmvw3LWX8d1.jpg\"><img loading=\"lazy\" decoding=\"async\" class=\"alignnone size-medium wp-image-427\" src=\"http:\/\/escuelasion.esy.es\/wp-content\/uploads\/2015\/08\/AuzGQlGgSs7XvgBY8CCw9BB2vT6ouQN1brAmvw3LWX8d1-200x300.jpg\" alt=\"AuzGQlGgSs7XvgBY8CCw9BB2vT6ouQN1brAmvw3LWX8d\" width=\"200\" height=\"300\" srcset=\"https:\/\/sionpuntarenas.com\/wp-content\/uploads\/2015\/08\/AuzGQlGgSs7XvgBY8CCw9BB2vT6ouQN1brAmvw3LWX8d1-200x300.jpg 200w, https:\/\/sionpuntarenas.com\/wp-content\/uploads\/2015\/08\/AuzGQlGgSs7XvgBY8CCw9BB2vT6ouQN1brAmvw3LWX8d1-682x1024.jpg 682w, https:\/\/sionpuntarenas.com\/wp-content\/uploads\/2015\/08\/AuzGQlGgSs7XvgBY8CCw9BB2vT6ouQN1brAmvw3LWX8d1.jpg 853w\" sizes=\"(max-width: 200px) 100vw, 200px\" \/><\/a><\/p>\n<hr \/>\n<div id=\"attachment_420\" style=\"width: 310px\" class=\"wp-caption alignnone\"><a href=\"http:\/\/escuelasion.esy.es\/wp-content\/uploads\/2015\/08\/Ahvs8U56_xh33oq3qFNoX7BhzBtJ1Q97xpOo583WFzKc.jpg\"><img loading=\"lazy\" decoding=\"async\" aria-describedby=\"caption-attachment-420\" class=\"size-medium wp-image-420\" src=\"http:\/\/escuelasion.esy.es\/wp-content\/uploads\/2015\/08\/Ahvs8U56_xh33oq3qFNoX7BhzBtJ1Q97xpOo583WFzKc-300x225.jpg\" alt=\"Olimpiada B\u00edblica 2014: El Comit\u00e9 de Pastoral de la Escuela elegantemente vestidos para la celebraci\u00f3n de la III Olimpiada B\u00edblica\" width=\"300\" height=\"225\" srcset=\"https:\/\/sionpuntarenas.com\/wp-content\/uploads\/2015\/08\/Ahvs8U56_xh33oq3qFNoX7BhzBtJ1Q97xpOo583WFzKc-300x225.jpg 300w, https:\/\/sionpuntarenas.com\/wp-content\/uploads\/2015\/08\/Ahvs8U56_xh33oq3qFNoX7BhzBtJ1Q97xpOo583WFzKc-1024x768.jpg 1024w, https:\/\/sionpuntarenas.com\/wp-content\/uploads\/2015\/08\/Ahvs8U56_xh33oq3qFNoX7BhzBtJ1Q97xpOo583WFzKc.jpg 1280w\" sizes=\"(max-width: 300px) 100vw, 300px\" \/><\/a><p id=\"caption-attachment-420\" class=\"wp-caption-text\">Olimpiada B\u00edblica 2014: Profesores y \u00a0miembros del Comit\u00e9 de Pastoral de la Escuela elegantemente vestidos para la celebraci\u00f3n de la III Olimpiada B\u00edblica.<\/p><\/div>\n<p><img loading=\"lazy\" decoding=\"async\" class=\"alignnone size-medium wp-image-425\" src=\"http:\/\/escuelasion.esy.es\/wp-content\/uploads\/2015\/08\/Atq6aBtUBhAD_9GqwmlqAkfmOnYIPPk-qNKn1uNtvhRf1-300x225.jpg\" alt=\"Atq6aBtUBhAD_9GqwmlqAkfmOnYIPPk-qNKn1uNtvhRf\" width=\"300\" height=\"225\" srcset=\"https:\/\/sionpuntarenas.com\/wp-content\/uploads\/2015\/08\/Atq6aBtUBhAD_9GqwmlqAkfmOnYIPPk-qNKn1uNtvhRf1-300x225.jpg 300w, https:\/\/sionpuntarenas.com\/wp-content\/uploads\/2015\/08\/Atq6aBtUBhAD_9GqwmlqAkfmOnYIPPk-qNKn1uNtvhRf1-1024x768.jpg 1024w, https:\/\/sionpuntarenas.com\/wp-content\/uploads\/2015\/08\/Atq6aBtUBhAD_9GqwmlqAkfmOnYIPPk-qNKn1uNtvhRf1.jpg 1280w\" sizes=\"(max-width: 300px) 100vw, 300px\" \/><\/p>\n<hr \/>\n<p>&nbsp;<\/p>\n<div id=\"attachment_406\" style=\"width: 310px\" class=\"wp-caption alignnone\"><a href=\"http:\/\/escuelasion.esy.es\/wp-content\/uploads\/2015\/08\/AibzWAUSzlKucdLFznF3MIjRUjRXOjC89XmcjdqnTpB4.jpg\"><img loading=\"lazy\" decoding=\"async\" aria-describedby=\"caption-attachment-406\" class=\"size-medium wp-image-406\" src=\"http:\/\/escuelasion.esy.es\/wp-content\/uploads\/2015\/08\/AibzWAUSzlKucdLFznF3MIjRUjRXOjC89XmcjdqnTpB4-300x169.jpg\" alt=\"Celebraci\u00f3n del d\u00eda de la Inmaculada Concepci\u00f3n de Mar\u00eda. Con amor, un Rosario estudiantil, y ofrenda de flores a nuestra Madre\" width=\"300\" height=\"169\" srcset=\"https:\/\/sionpuntarenas.com\/wp-content\/uploads\/2015\/08\/AibzWAUSzlKucdLFznF3MIjRUjRXOjC89XmcjdqnTpB4-300x169.jpg 300w, https:\/\/sionpuntarenas.com\/wp-content\/uploads\/2015\/08\/AibzWAUSzlKucdLFznF3MIjRUjRXOjC89XmcjdqnTpB4-1024x576.jpg 1024w, https:\/\/sionpuntarenas.com\/wp-content\/uploads\/2015\/08\/AibzWAUSzlKucdLFznF3MIjRUjRXOjC89XmcjdqnTpB4.jpg 1280w\" sizes=\"(max-width: 300px) 100vw, 300px\" \/><\/a><p id=\"caption-attachment-406\" class=\"wp-caption-text\">Celebraci\u00f3n del d\u00eda de la Inmaculada Concepci\u00f3n de Mar\u00eda. Con amor, un Rosario estudiantil, y ofrenda de flores a nuestra Madre<\/p><\/div>\n<p>&nbsp;<\/p>\n<p>&nbsp;<\/p>\n<p>&nbsp;<\/p>\n","protected":false},"excerpt":{"rendered":"<p>&nbsp; &nbsp; &nbsp; &nbsp; &nbsp; &nbsp; &nbsp;<\/p>\n","protected":false},"author":1,"featured_media":0,"parent":377,"menu_order":0,"comment_status":"open","ping_status":"open","template":"","meta":{"saved_in_kubio":false,"footnotes":""},"class_list":["post-388","page","type-page","status-publish","hentry"],"kubio_ai_page_context":{"short_desc":"","purpose":"general"},"_links":{"self":[{"href":"https:\/\/sionpuntarenas.com\/index.php?rest_route=\/wp\/v2\/pages\/388","targetHints":{"allow":["GET"]}}],"collection":[{"href":"https:\/\/sionpuntarenas.com\/index.php?rest_route=\/wp\/v2\/pages"}],"about":[{"href":"https:\/\/sionpuntarenas.com\/index.php?rest_route=\/wp\/v2\/types\/page"}],"author":[{"embeddable":true,"href":"https:\/\/sionpuntarenas.com\/index.php?rest_route=\/wp\/v2\/users\/1"}],"replies":[{"embeddable":true,"href":"https:\/\/sionpuntarenas.com\/index.php?rest_route=%2Fwp%2Fv2%2Fcomments&post=388"}],"version-history":[{"count":5,"href":"https:\/\/sionpuntarenas.com\/index.php?rest_route=\/wp\/v2\/pages\/388\/revisions"}],"predecessor-version":[{"id":451,"href":"https:\/\/sionpuntarenas.com\/index.php?rest_route=\/wp\/v2\/pages\/388\/revisions\/451"}],"up":[{"embeddable":true,"href":"https:\/\/sionpuntarenas.com\/index.php?rest_route=\/wp\/v2\/pages\/377"}],"wp:attachment":[{"href":"https:\/\/sionpuntarenas.com\/index.php?rest_route=%2Fwp%2Fv2%2Fmedia&parent=388"}],"curies":[{"name":"wp","href":"https:\/\/api.w.org\/{rel}","templated":true}]}}