{"id":5263,"date":"2020-06-13T08:14:44","date_gmt":"2020-06-13T14:14:44","guid":{"rendered":"http:\/\/escuelasion.esy.es\/?page_id=5263"},"modified":"2025-09-05T07:04:29","modified_gmt":"2025-09-05T13:04:29","slug":"busqueda-de-entradas","status":"publish","type":"page","link":"https:\/\/sionpuntarenas.com\/?page_id=5263","title":{"rendered":"B\u00fasqueda de Tareas Publicadas"},"content":{"rendered":"\n<p>Seleccione en los siguientes controles el DOCENTE y la SECCION para ver sus publicaciones. Tambi\u00e9n puede seleccionar \u00daNICAMENTE un docente, o una SECCI\u00d3N. Luego pulse el bot\u00f3n BUSCAR.<\/p>\n\n\n\n<p><b>Docentes de Grado &#8212; <\/b><select id=\"gra\"><option value=\"\">Seleccione&#8230;<\/option>\n<option value=\"558\">Adriana Casta\u00f1eda Alvarez<\/option>\t\n<option value=\"3322\">Adriana Rodr\u00edguez Montoya<\/option>\t\n<option value=\"571\">Angie Mariela Guti\u00e9rrez Carrera<\/option>\n<option value=\"572\">Aracelly Tatiana D\u00edaz Portuguez<\/option>\n<option value=\"549\">Daphne Aguilar Fallas<\/option>\n<option value=\"551\">Fabiola Carballo Calero<\/option>\n<option value=\"556\">Francia Elena Guido Alfaro<\/option>\n<option value=\"2601\">Heisel Salazar Boniche<\/option>\n<option value=\"2599\">Hillary Rodr\u00edguez Aparicio<\/option>\t\n<option value=\"550\">Indra Castillo Elles<\/option>\n<option value=\"561\">Kattia Mar\u00eda Torres Rodr\u00edguez<\/option>\n<option value=\"553\">Kemberly Aguilar Segura<\/option>\n<option value=\"549\">Manuela Antonia D\u00edaz Acevedo<\/option>\n<option value=\"2016\">Marcela Espinoza Salas<\/option>\n<option value=\"569\">Mar\u00eda Alejandra Rodr\u00edguez S\u00e1nchez<\/option>\n<option value=\"580\">Mar\u00eda de los \u00c1ngeles Mora Calvo<\/option>\n<option value=\"562\">Mar\u00eda del Mar Pinel Villalobos<\/option>\n<option value=\"4609\">Mar\u00eda Adilia L\u00f3pez V\u00e1squez<\/option>\n<option value=\"558\">Roxana Aponte Quir\u00f3s<\/option>\n<option value=\"543\">Yehizzi Ram\u00edrez Chan<\/option>\n <\/select><\/p>\n<p><b>Docentes Especiales &#8212;<b><select id=\"esp\"><option value=\"\">Seleccione&#8230;<\/option>\n<option value=\"570\">APOYO: Gina Saborio Dinarte<\/option>\n<option value=\"548\">ARTE: Rose Mary Le\u00f3n Arias<\/option>\n<option value=\"1967\">EDU. F\u00cdSICA: Humberto Matamoros Campos<\/option>\n<option value=\"1\">INFORM\u00c1TICA: Juan Manuel Montero Castilla<\/option>\n<option value=\"546\">INGL\u00c9S: Evelyn Chavarr\u00eda Ram\u00edrez<\/option>\n<option value=\"535\">INGL\u00c9S: Yahaira Paniagua Alvarez<\/option>\n<option value=\"551\">INGL\u00c9S: Yorleni Chinchilla P\u00e9rez<\/option>\n<option value=\"542\">INGL\u00c9S: Vanessa Guadamuz Mena<\/option>\n<option value=\"550\">M\u00daSICA: Rita Sol\u00eds Soto<\/option>\n<option value=\"2603\">RELIGI\u00d3N: Stewart Moraga Reyes<\/option>\n<\/select><\/b><\/b><\/p><b><b>\n<p><b>Secci\u00f3n &#8212; <\/b><select id=\"seccion\">\n<option value=\"\">Seleccione&#8230;<\/option>\n<option value=\"28\">1-1<\/option>\n<option value=\"29\">1-2<\/option>\n<option value=\"30\">1-3<\/option>\n<option value=\"31\">2-1<\/option>\n<option value=\"32\">2-2<\/option>\n<option value=\"33\">2-3<\/option>\n<option value=\"34\">3-1<\/option>\n<option value=\"35\">3-2<\/option>\n<option value=\"36\">3-3<\/option>\n<option value=\"88\">3-4<\/option>\n<option value=\"37\">4-1<\/option>\n<option value=\"38\">4-2<\/option>\n<option value=\"39\">4-3<\/option>\n<option value=\"40\">5-1<\/option>\n<option value=\"41\">5-2<\/option>\n<option value=\"42\">5-3<\/option>\n<option value=\"25\">6-1<\/option>\n<option value=\"26\">6-2<\/option>\n<option value=\"57\">M-1<\/option>\n<option value=\"55\">T-1<\/option>\n<option value=\"56\">T-2<\/option>\n<\/select>\n<br>\n<\/p><table style=\"border: hidden\"><tbody><tr><td><div class=\"wp-block-button\"><a onclick=\"busca()\" class=\"wp-block-button__link has-background has-vivid-cyan-blue-background-color\">Buscar Tareas<\/a><\/div><\/td><\/tr><\/tbody><\/table><\/b><\/b>\n\n\n\nVisitantes <a href=\"https:\/\/24counter.com\"><img decoding=\"async\" src=\"https:\/\/24counter.com\/count.php?c_style=5&amp;id=1593960965\" alt=\"web counter\" border=\"0\"><\/a><br><a href=\"https:\/\/24counter.com\" style=\"font-size:9px;\">Estad\u00edticas<\/a><br>\n\n\n\n<a target=\"_blank\" href=\"https:\/\/24counter.com\/cc_stats\/1593961175\/\" rel=\"noopener noreferrer\"><img decoding=\"async\" alt=\"free counter\" src=\"https:\/\/24counter.com\/online\/ccc.php?id=1593961175\" border=\"0\"><\/a><br>\n\n\n\n<p><\/p>\n","protected":false},"excerpt":{"rendered":"<p>Seleccione en los siguientes controles el DOCENTE y la SECCION para ver sus publicaciones. Tambi\u00e9n puede seleccionar \u00daNICAMENTE un docente, o una SECCI\u00d3N. Luego pulse el bot\u00f3n BUSCAR. Docentes de Grado &#8212; Seleccione&#8230;Adriana Casta\u00f1eda AlvarezAdriana Rodr\u00edguez MontoyaAngie Mariela Guti\u00e9rrez CarreraAracelly Tatiana D\u00edaz PortuguezDaphne Aguilar FallasFabiola Carballo CaleroFrancia Elena Guido AlfaroHeisel Salazar BonicheHillary Rodr\u00edguez AparicioIndra Castillo [&hellip;]<\/p>\n","protected":false},"author":1,"featured_media":0,"parent":0,"menu_order":0,"comment_status":"closed","ping_status":"closed","template":"","meta":{"saved_in_kubio":false,"footnotes":""},"class_list":["post-5263","page","type-page","status-publish","hentry"],"kubio_ai_page_context":{"short_desc":"","purpose":"general"},"_links":{"self":[{"href":"https:\/\/sionpuntarenas.com\/index.php?rest_route=\/wp\/v2\/pages\/5263","targetHints":{"allow":["GET"]}}],"collection":[{"href":"https:\/\/sionpuntarenas.com\/index.php?rest_route=\/wp\/v2\/pages"}],"about":[{"href":"https:\/\/sionpuntarenas.com\/index.php?rest_route=\/wp\/v2\/types\/page"}],"author":[{"embeddable":true,"href":"https:\/\/sionpuntarenas.com\/index.php?rest_route=\/wp\/v2\/users\/1"}],"replies":[{"embeddable":true,"href":"https:\/\/sionpuntarenas.com\/index.php?rest_route=%2Fwp%2Fv2%2Fcomments&post=5263"}],"version-history":[{"count":47,"href":"https:\/\/sionpuntarenas.com\/index.php?rest_route=\/wp\/v2\/pages\/5263\/revisions"}],"predecessor-version":[{"id":27926,"href":"https:\/\/sionpuntarenas.com\/index.php?rest_route=\/wp\/v2\/pages\/5263\/revisions\/27926"}],"wp:attachment":[{"href":"https:\/\/sionpuntarenas.com\/index.php?rest_route=%2Fwp%2Fv2%2Fmedia&parent=5263"}],"curies":[{"name":"wp","href":"https:\/\/api.w.org\/{rel}","templated":true}]}}