{"id":9095,"date":"2020-08-18T12:46:00","date_gmt":"2020-08-18T18:46:00","guid":{"rendered":"http:\/\/escuelasion.esy.es\/?page_id=9095"},"modified":"2020-08-18T12:58:27","modified_gmt":"2020-08-18T18:58:27","slug":"nuestro-jardin-de-ninos-en-imagenes","status":"publish","type":"page","link":"https:\/\/sionpuntarenas.com\/?page_id=9095","title":{"rendered":"Nuestro Jard\u00edn de Ni\u00f1os en im\u00e1genes"},"content":{"rendered":"\n<p>Haga clic en la imagen para ampliarla&#8230;<\/p>\n\n\n\n<figure class=\"wp-block-gallery columns-3 is-cropped wp-block-gallery-1 is-layout-flex wp-block-gallery-is-layout-flex\"><ul class=\"blocks-gallery-grid\"><li class=\"blocks-gallery-item\"><figure><a href=\"http:\/\/escuelasion.esy.es\/wp-content\/uploads\/2020\/08\/WhatsApp-Image-2020g-08-18-at-11.56.35-1.jpeg\"><img loading=\"lazy\" decoding=\"async\" width=\"768\" height=\"1024\" src=\"http:\/\/escuelasion.esy.es\/wp-content\/uploads\/2020\/08\/WhatsApp-Image-2020g-08-18-at-11.56.35-1-768x1024.jpeg\" alt=\"\" data-id=\"9107\" data-full-url=\"http:\/\/escuelasion.esy.es\/wp-content\/uploads\/2020\/08\/WhatsApp-Image-2020g-08-18-at-11.56.35-1.jpeg\" data-link=\"http:\/\/escuelasion.esy.es\/?attachment_id=9107\" class=\"wp-image-9107\" srcset=\"https:\/\/sionpuntarenas.com\/wp-content\/uploads\/2020\/08\/WhatsApp-Image-2020g-08-18-at-11.56.35-1-768x1024.jpeg 768w, https:\/\/sionpuntarenas.com\/wp-content\/uploads\/2020\/08\/WhatsApp-Image-2020g-08-18-at-11.56.35-1-225x300.jpeg 225w, https:\/\/sionpuntarenas.com\/wp-content\/uploads\/2020\/08\/WhatsApp-Image-2020g-08-18-at-11.56.35-1.jpeg 774w\" sizes=\"(max-width: 768px) 100vw, 768px\" \/><\/a><figcaption class=\"blocks-gallery-item__caption\">Un ambiente ideal para el desarrollo integral de nuestros estudiantes<\/figcaption><\/figure><\/li><li class=\"blocks-gallery-item\"><figure><a href=\"http:\/\/escuelasion.esy.es\/wp-content\/uploads\/2020\/08\/gg.jpeg\"><img loading=\"lazy\" decoding=\"async\" width=\"768\" height=\"1024\" src=\"http:\/\/escuelasion.esy.es\/wp-content\/uploads\/2020\/08\/gg-768x1024.jpeg\" alt=\"\" data-id=\"9098\" data-full-url=\"http:\/\/escuelasion.esy.es\/wp-content\/uploads\/2020\/08\/gg.jpeg\" data-link=\"http:\/\/escuelasion.esy.es\/?attachment_id=9098\" class=\"wp-image-9098\" srcset=\"https:\/\/sionpuntarenas.com\/wp-content\/uploads\/2020\/08\/gg-768x1024.jpeg 768w, https:\/\/sionpuntarenas.com\/wp-content\/uploads\/2020\/08\/gg-225x300.jpeg 225w, https:\/\/sionpuntarenas.com\/wp-content\/uploads\/2020\/08\/gg.jpeg 960w\" sizes=\"(max-width: 768px) 100vw, 768px\" \/><\/a><figcaption class=\"blocks-gallery-item__caption\">Comedor exclusivo con acceso diferenciado a la Soda de la Escuela.<\/figcaption><\/figure><\/li><li class=\"blocks-gallery-item\"><figure><a href=\"http:\/\/escuelasion.esy.es\/wp-content\/uploads\/2020\/08\/sd-1.jpeg\"><img loading=\"lazy\" decoding=\"async\" width=\"1024\" height=\"768\" src=\"http:\/\/escuelasion.esy.es\/wp-content\/uploads\/2020\/08\/sd-1-1024x768.jpeg\" alt=\"\" data-id=\"9108\" data-full-url=\"http:\/\/escuelasion.esy.es\/wp-content\/uploads\/2020\/08\/sd-1.jpeg\" data-link=\"http:\/\/escuelasion.esy.es\/?attachment_id=9108\" class=\"wp-image-9108\" srcset=\"https:\/\/sionpuntarenas.com\/wp-content\/uploads\/2020\/08\/sd-1-1024x768.jpeg 1024w, https:\/\/sionpuntarenas.com\/wp-content\/uploads\/2020\/08\/sd-1-300x225.jpeg 300w, https:\/\/sionpuntarenas.com\/wp-content\/uploads\/2020\/08\/sd-1-768x576.jpeg 768w, https:\/\/sionpuntarenas.com\/wp-content\/uploads\/2020\/08\/sd-1.jpeg 1280w\" sizes=\"(max-width: 1024px) 100vw, 1024px\" \/><\/a><figcaption class=\"blocks-gallery-item__caption\">Todo pensado para aprender y disfrutar haci\u00e9ndolo.<\/figcaption><\/figure><\/li><li class=\"blocks-gallery-item\"><figure><a href=\"http:\/\/escuelasion.esy.es\/wp-content\/uploads\/2020\/08\/WhatsApp-Image-20f20-08-18-at-11.56.35.jpeg\"><img loading=\"lazy\" decoding=\"async\" width=\"768\" height=\"1024\" src=\"http:\/\/escuelasion.esy.es\/wp-content\/uploads\/2020\/08\/WhatsApp-Image-20f20-08-18-at-11.56.35-768x1024.jpeg\" alt=\"\" data-id=\"9100\" data-full-url=\"http:\/\/escuelasion.esy.es\/wp-content\/uploads\/2020\/08\/WhatsApp-Image-20f20-08-18-at-11.56.35.jpeg\" data-link=\"http:\/\/escuelasion.esy.es\/?attachment_id=9100\" class=\"wp-image-9100\" srcset=\"https:\/\/sionpuntarenas.com\/wp-content\/uploads\/2020\/08\/WhatsApp-Image-20f20-08-18-at-11.56.35-768x1024.jpeg 768w, https:\/\/sionpuntarenas.com\/wp-content\/uploads\/2020\/08\/WhatsApp-Image-20f20-08-18-at-11.56.35-225x300.jpeg 225w, https:\/\/sionpuntarenas.com\/wp-content\/uploads\/2020\/08\/WhatsApp-Image-20f20-08-18-at-11.56.35.jpeg 960w\" sizes=\"(max-width: 768px) 100vw, 768px\" \/><\/a><figcaption class=\"blocks-gallery-item__caption\">Aulas dotadas de SmartTV&#8217;s para apoyar el proceso educativo.<\/figcaption><\/figure><\/li><li class=\"blocks-gallery-item\"><figure><a href=\"http:\/\/escuelasion.esy.es\/wp-content\/uploads\/2020\/08\/WhatsApp-Image-2020-08-18-at-11.56.31.jpeg\"><img loading=\"lazy\" decoding=\"async\" width=\"768\" height=\"1024\" src=\"http:\/\/escuelasion.esy.es\/wp-content\/uploads\/2020\/08\/WhatsApp-Image-2020-08-18-at-11.56.31-768x1024.jpeg\" alt=\"\" data-id=\"9103\" data-full-url=\"http:\/\/escuelasion.esy.es\/wp-content\/uploads\/2020\/08\/WhatsApp-Image-2020-08-18-at-11.56.31.jpeg\" data-link=\"http:\/\/escuelasion.esy.es\/?attachment_id=9103\" class=\"wp-image-9103\" srcset=\"https:\/\/sionpuntarenas.com\/wp-content\/uploads\/2020\/08\/WhatsApp-Image-2020-08-18-at-11.56.31-768x1024.jpeg 768w, https:\/\/sionpuntarenas.com\/wp-content\/uploads\/2020\/08\/WhatsApp-Image-2020-08-18-at-11.56.31-225x300.jpeg 225w, https:\/\/sionpuntarenas.com\/wp-content\/uploads\/2020\/08\/WhatsApp-Image-2020-08-18-at-11.56.31.jpeg 960w\" sizes=\"(max-width: 768px) 100vw, 768px\" \/><\/a><figcaption class=\"blocks-gallery-item__caption\">Espacios diferenciados: orden y disciplina para formar en responsabilidad<\/figcaption><\/figure><\/li><li class=\"blocks-gallery-item\"><figure><a href=\"http:\/\/escuelasion.esy.es\/wp-content\/uploads\/2020\/08\/WhatsApp-Image-2020-02-17-at-10.56.212.jpeg\"><img loading=\"lazy\" decoding=\"async\" width=\"768\" height=\"1024\" src=\"http:\/\/escuelasion.esy.es\/wp-content\/uploads\/2020\/08\/WhatsApp-Image-2020-02-17-at-10.56.212-768x1024.jpeg\" alt=\"\" data-id=\"9102\" data-full-url=\"http:\/\/escuelasion.esy.es\/wp-content\/uploads\/2020\/08\/WhatsApp-Image-2020-02-17-at-10.56.212.jpeg\" data-link=\"http:\/\/escuelasion.esy.es\/?attachment_id=9102\" class=\"wp-image-9102\" srcset=\"https:\/\/sionpuntarenas.com\/wp-content\/uploads\/2020\/08\/WhatsApp-Image-2020-02-17-at-10.56.212-768x1024.jpeg 768w, https:\/\/sionpuntarenas.com\/wp-content\/uploads\/2020\/08\/WhatsApp-Image-2020-02-17-at-10.56.212-225x300.jpeg 225w, https:\/\/sionpuntarenas.com\/wp-content\/uploads\/2020\/08\/WhatsApp-Image-2020-02-17-at-10.56.212.jpeg 960w\" sizes=\"(max-width: 768px) 100vw, 768px\" \/><\/a><figcaption class=\"blocks-gallery-item__caption\">Espacio de recreo exclusivo para el Jard\u00edn de Ni\u00f1os. <\/figcaption><\/figure><\/li><li class=\"blocks-gallery-item\"><figure><a href=\"http:\/\/escuelasion.esy.es\/wp-content\/uploads\/2020\/08\/WhatsApp-Image-2020-0g8-18-at-11.56.32.jpeg\"><img loading=\"lazy\" decoding=\"async\" width=\"768\" height=\"1024\" src=\"http:\/\/escuelasion.esy.es\/wp-content\/uploads\/2020\/08\/WhatsApp-Image-2020-0g8-18-at-11.56.32-768x1024.jpeg\" alt=\"\" data-id=\"9101\" data-full-url=\"http:\/\/escuelasion.esy.es\/wp-content\/uploads\/2020\/08\/WhatsApp-Image-2020-0g8-18-at-11.56.32.jpeg\" data-link=\"http:\/\/escuelasion.esy.es\/?attachment_id=9101\" class=\"wp-image-9101\" srcset=\"https:\/\/sionpuntarenas.com\/wp-content\/uploads\/2020\/08\/WhatsApp-Image-2020-0g8-18-at-11.56.32-768x1024.jpeg 768w, https:\/\/sionpuntarenas.com\/wp-content\/uploads\/2020\/08\/WhatsApp-Image-2020-0g8-18-at-11.56.32-225x300.jpeg 225w, https:\/\/sionpuntarenas.com\/wp-content\/uploads\/2020\/08\/WhatsApp-Image-2020-0g8-18-at-11.56.32.jpeg 960w\" sizes=\"(max-width: 768px) 100vw, 768px\" \/><\/a><figcaption class=\"blocks-gallery-item__caption\">Ambiente seguro y controlado.<\/figcaption><\/figure><\/li><li class=\"blocks-gallery-item\"><figure><a href=\"http:\/\/escuelasion.esy.es\/wp-content\/uploads\/2020\/08\/WhatsApp-Image-2020-08-18-at-11.56.33.jpeg\"><img loading=\"lazy\" decoding=\"async\" width=\"768\" height=\"1024\" src=\"http:\/\/escuelasion.esy.es\/wp-content\/uploads\/2020\/08\/WhatsApp-Image-2020-08-18-at-11.56.33-768x1024.jpeg\" alt=\"\" data-id=\"9104\" data-full-url=\"http:\/\/escuelasion.esy.es\/wp-content\/uploads\/2020\/08\/WhatsApp-Image-2020-08-18-at-11.56.33.jpeg\" data-link=\"http:\/\/escuelasion.esy.es\/?attachment_id=9104\" class=\"wp-image-9104\" srcset=\"https:\/\/sionpuntarenas.com\/wp-content\/uploads\/2020\/08\/WhatsApp-Image-2020-08-18-at-11.56.33-768x1024.jpeg 768w, https:\/\/sionpuntarenas.com\/wp-content\/uploads\/2020\/08\/WhatsApp-Image-2020-08-18-at-11.56.33-225x300.jpeg 225w, https:\/\/sionpuntarenas.com\/wp-content\/uploads\/2020\/08\/WhatsApp-Image-2020-08-18-at-11.56.33.jpeg 960w\" sizes=\"(max-width: 768px) 100vw, 768px\" \/><\/a><figcaption class=\"blocks-gallery-item__caption\">Ingl\u00e9s Conversacional. Inform\u00e1tica Educativa<\/figcaption><\/figure><\/li><li class=\"blocks-gallery-item\"><figure><a href=\"http:\/\/escuelasion.esy.es\/wp-content\/uploads\/2020\/08\/WhatsApp-Image-2020-08-18-at-11.56.34.jpeg\"><img loading=\"lazy\" decoding=\"async\" width=\"768\" height=\"1024\" src=\"http:\/\/escuelasion.esy.es\/wp-content\/uploads\/2020\/08\/WhatsApp-Image-2020-08-18-at-11.56.34-768x1024.jpeg\" alt=\"\" data-id=\"9105\" data-full-url=\"http:\/\/escuelasion.esy.es\/wp-content\/uploads\/2020\/08\/WhatsApp-Image-2020-08-18-at-11.56.34.jpeg\" data-link=\"http:\/\/escuelasion.esy.es\/?attachment_id=9105\" class=\"wp-image-9105\" srcset=\"https:\/\/sionpuntarenas.com\/wp-content\/uploads\/2020\/08\/WhatsApp-Image-2020-08-18-at-11.56.34-768x1024.jpeg 768w, https:\/\/sionpuntarenas.com\/wp-content\/uploads\/2020\/08\/WhatsApp-Image-2020-08-18-at-11.56.34-225x300.jpeg 225w, https:\/\/sionpuntarenas.com\/wp-content\/uploads\/2020\/08\/WhatsApp-Image-2020-08-18-at-11.56.34.jpeg 960w\" sizes=\"(max-width: 768px) 100vw, 768px\" \/><\/a><figcaption class=\"blocks-gallery-item__caption\">Zonas sanitarias exclusivas y adaptadas a las necesidades de los m\u00e1s peque\u00f1os.<\/figcaption><\/figure><\/li><li class=\"blocks-gallery-item\"><figure><a href=\"http:\/\/escuelasion.esy.es\/wp-content\/uploads\/2020\/08\/ff.jpeg\"><img loading=\"lazy\" decoding=\"async\" width=\"768\" height=\"1024\" src=\"http:\/\/escuelasion.esy.es\/wp-content\/uploads\/2020\/08\/ff-768x1024.jpeg\" alt=\"\" data-id=\"9097\" data-full-url=\"http:\/\/escuelasion.esy.es\/wp-content\/uploads\/2020\/08\/ff.jpeg\" data-link=\"http:\/\/escuelasion.esy.es\/?attachment_id=9097\" class=\"wp-image-9097\" srcset=\"https:\/\/sionpuntarenas.com\/wp-content\/uploads\/2020\/08\/ff-768x1024.jpeg 768w, https:\/\/sionpuntarenas.com\/wp-content\/uploads\/2020\/08\/ff-225x300.jpeg 225w, https:\/\/sionpuntarenas.com\/wp-content\/uploads\/2020\/08\/ff.jpeg 960w\" sizes=\"(max-width: 768px) 100vw, 768px\" \/><\/a><figcaption class=\"blocks-gallery-item__caption\">La belleza y la seguridad fomentan la confianza en el desarrollo personal del estudiante.<\/figcaption><\/figure><\/li><li class=\"blocks-gallery-item\"><figure><a href=\"http:\/\/escuelasion.esy.es\/wp-content\/uploads\/2020\/08\/WhatsApp-Image-2020-08-18-at-11.56.35.jpeg\"><img loading=\"lazy\" decoding=\"async\" width=\"768\" height=\"1024\" src=\"http:\/\/escuelasion.esy.es\/wp-content\/uploads\/2020\/08\/WhatsApp-Image-2020-08-18-at-11.56.35-768x1024.jpeg\" alt=\"\" data-id=\"9106\" data-full-url=\"http:\/\/escuelasion.esy.es\/wp-content\/uploads\/2020\/08\/WhatsApp-Image-2020-08-18-at-11.56.35.jpeg\" data-link=\"http:\/\/escuelasion.esy.es\/?attachment_id=9106\" class=\"wp-image-9106\" srcset=\"https:\/\/sionpuntarenas.com\/wp-content\/uploads\/2020\/08\/WhatsApp-Image-2020-08-18-at-11.56.35-768x1024.jpeg 768w, https:\/\/sionpuntarenas.com\/wp-content\/uploads\/2020\/08\/WhatsApp-Image-2020-08-18-at-11.56.35-225x300.jpeg 225w, https:\/\/sionpuntarenas.com\/wp-content\/uploads\/2020\/08\/WhatsApp-Image-2020-08-18-at-11.56.35.jpeg 960w\" sizes=\"(max-width: 768px) 100vw, 768px\" \/><\/a><figcaption class=\"blocks-gallery-item__caption\">Protocolos Sanitarios seg\u00fan lineamientos del MEP y del Ministerio de Salud.<\/figcaption><\/figure><\/li><\/ul><\/figure>\n\n\n\n<h2 class=\"has-text-align-center wp-block-heading\">Jard\u00edn de Ni\u00f1os <\/h2>\n\n\n\n<h2 class=\"has-text-align-center wp-block-heading\">Nuestra Se\u00f1ora de Sion <\/h2>\n\n\n\n<p class=\"has-text-align-center\"><strong><span class=\"has-inline-color has-vivid-cyan-blue-color\">Todo lo que siempre hab\u00eda so\u00f1ado para la educaci\u00f3n de sus hijos&#8230;<\/span><\/strong><\/p>\n","protected":false},"excerpt":{"rendered":"<p>Haga clic en la imagen para ampliarla&#8230; Jard\u00edn de Ni\u00f1os Nuestra Se\u00f1ora de Sion Todo lo que siempre hab\u00eda so\u00f1ado para la educaci\u00f3n de sus hijos&#8230;<\/p>\n","protected":false},"author":1,"featured_media":0,"parent":0,"menu_order":0,"comment_status":"closed","ping_status":"closed","template":"","meta":{"saved_in_kubio":false,"footnotes":""},"class_list":["post-9095","page","type-page","status-publish","hentry"],"kubio_ai_page_context":{"short_desc":"","purpose":"general"},"_links":{"self":[{"href":"https:\/\/sionpuntarenas.com\/index.php?rest_route=\/wp\/v2\/pages\/9095","targetHints":{"allow":["GET"]}}],"collection":[{"href":"https:\/\/sionpuntarenas.com\/index.php?rest_route=\/wp\/v2\/pages"}],"about":[{"href":"https:\/\/sionpuntarenas.com\/index.php?rest_route=\/wp\/v2\/types\/page"}],"author":[{"embeddable":true,"href":"https:\/\/sionpuntarenas.com\/index.php?rest_route=\/wp\/v2\/users\/1"}],"replies":[{"embeddable":true,"href":"https:\/\/sionpuntarenas.com\/index.php?rest_route=%2Fwp%2Fv2%2Fcomments&post=9095"}],"version-history":[{"count":5,"href":"https:\/\/sionpuntarenas.com\/index.php?rest_route=\/wp\/v2\/pages\/9095\/revisions"}],"predecessor-version":[{"id":9115,"href":"https:\/\/sionpuntarenas.com\/index.php?rest_route=\/wp\/v2\/pages\/9095\/revisions\/9115"}],"wp:attachment":[{"href":"https:\/\/sionpuntarenas.com\/index.php?rest_route=%2Fwp%2Fv2%2Fmedia&parent=9095"}],"curies":[{"name":"wp","href":"https:\/\/api.w.org\/{rel}","templated":true}]}}